{"id":16,"date":"2025-06-23T10:33:11","date_gmt":"2025-06-23T08:33:11","guid":{"rendered":"https:\/\/miomundo.fr\/?page_id=16"},"modified":"2025-07-05T17:56:05","modified_gmt":"2025-07-05T15:56:05","slug":"miomundo-location-de-chambre-et-gite-avec-jardin-au-centre-ville-duzes-33700-gard","status":"publish","type":"page","link":"https:\/\/miomundo.fr\/","title":{"rendered":"MioMundo &#8211; Location de chambre et g\u00eete avec jardin au centre ville d&#8217;Uz\u00e8s (33700 Gard)"},"content":{"rendered":"<p>[et_pb_section fb_built=&#8221;1&#8243; _builder_version=&#8221;4.27.4&#8243; _module_preset=&#8221;default&#8221; global_colors_info=&#8221;{}&#8221;][et_pb_row _builder_version=&#8221;4.27.4&#8243; _module_preset=&#8221;default&#8221; global_colors_info=&#8221;{}&#8221;][et_pb_column type=&#8221;4_4&#8243; _builder_version=&#8221;4.27.4&#8243; _module_preset=&#8221;default&#8221; global_colors_info=&#8221;{}&#8221;][et_pb_text _builder_version=&#8221;4.27.4&#8243; _module_preset=&#8221;default&#8221; custom_padding=&#8221;||2px|||&#8221; global_colors_info=&#8221;{}&#8221;]<\/p>\n<p><!-- divi:heading --><\/p>\n<header>\n<h1 style=\"text-align: center;\"><strong>Consultez ci-dessous nos 4 possibilit\u00e9s d&#8217;h\u00e9bergement<\/strong><\/h1>\n<\/header>\n<p><!-- \/divi:heading --><!-- divi:columns --><\/p>\n<div class=\"wp-block-columns\">\n<p><!-- divi:column --><\/p>\n<div class=\"wp-block-column\">\n<p><!-- divi:buttons --><\/p>\n<div class=\"wp-block-buttons\"><!-- divi:button --><\/div>\n<\/div>\n<div class=\"wp-block-column\">\n<div class=\"wp-block-buttons\"><!-- \/divi:button --><\/div>\n<p><!-- \/divi:buttons --><\/p>\n<\/div>\n<p><!-- \/divi:column --><\/p>\n<\/div>\n<p><!-- \/divi:columns --><!-- divi:gallery {\"linkTo\":\"none\"} --><!-- \/divi:gallery --><!-- \/divi:paragraph --><\/p>\n<p>[\/et_pb_text][\/et_pb_column][\/et_pb_row][et_pb_row column_structure=&#8221;1_3,1_3,1_3&#8243; _builder_version=&#8221;4.27.4&#8243; _module_preset=&#8221;default&#8221; global_colors_info=&#8221;{}&#8221;][et_pb_column type=&#8221;1_3&#8243; _builder_version=&#8221;4.27.4&#8243; _module_preset=&#8221;default&#8221; global_colors_info=&#8221;{}&#8221;][et_pb_image src=&#8221;https:\/\/miomundo.fr\/wp-content\/uploads\/2025\/06\/DSCF2243-1.jpg&#8221; alt=&#8221;Location Studio Uz\u00e8s&#8221; title_text=&#8221;DSCF2243&#8243; align=&#8221;center&#8221; admin_label=&#8221;Image&#8221; _builder_version=&#8221;4.27.4&#8243; _module_preset=&#8221;default&#8221; global_colors_info=&#8221;{}&#8221;][\/et_pb_image][et_pb_button button_url=&#8221;https:\/\/miomundo.fr\/index.php\/studio-miomundo-location-uzes\/&#8221; button_text=&#8221;1 &#8211; Studio G\u00eete&#8221; button_alignment=&#8221;center&#8221; _builder_version=&#8221;4.27.4&#8243; _module_preset=&#8221;default&#8221; global_colors_info=&#8221;{}&#8221;][\/et_pb_button][\/et_pb_column][et_pb_column type=&#8221;1_3&#8243; _builder_version=&#8221;4.27.4&#8243; _module_preset=&#8221;default&#8221; global_colors_info=&#8221;{}&#8221;][et_pb_image src=&#8221;https:\/\/miomundo.fr\/wp-content\/uploads\/2025\/06\/1-jrd2.jpeg&#8221; alt=&#8221;Table ext\u00e9rieur Teck&#8221; title_text=&#8221;1-jrd2&#8243; align=&#8221;center&#8221; admin_label=&#8221;Image&#8221; _builder_version=&#8221;4.27.4&#8243; _module_preset=&#8221;default&#8221; global_colors_info=&#8221;{}&#8221;][\/et_pb_image][et_pb_button button_url=&#8221;https:\/\/miomundo.fr\/index.php\/chambre-dhotes-teck-dans-un-jardin-au-centre-duzes\/&#8221; button_text=&#8221;2 &#8211; Chambre Teck&#8221; button_alignment=&#8221;center&#8221; _builder_version=&#8221;4.27.4&#8243; _module_preset=&#8221;default&#8221; global_colors_info=&#8221;{}&#8221;][\/et_pb_button][\/et_pb_column][et_pb_column type=&#8221;1_3&#8243; _builder_version=&#8221;4.27.4&#8243; _module_preset=&#8221;default&#8221; global_colors_info=&#8221;{}&#8221;][et_pb_image src=&#8221;https:\/\/miomundo.fr\/wp-content\/uploads\/2025\/06\/1-jrd3.jpeg&#8221; alt=&#8221;Jardin chambre Teck&#8221; title_text=&#8221;1-jrd3&#8243; align=&#8221;center&#8221; admin_label=&#8221;Image&#8221; _builder_version=&#8221;4.27.4&#8243; _module_preset=&#8221;default&#8221; global_colors_info=&#8221;{}&#8221;][\/et_pb_image][et_pb_button button_url=&#8221;https:\/\/miomundo.fr\/index.php\/chambre-ikat-location-saisonniere-uzes\/&#8221; button_text=&#8221;3 &#8211; Chambre Ikat&#8221; button_alignment=&#8221;center&#8221; _builder_version=&#8221;4.27.4&#8243; _module_preset=&#8221;default&#8221; global_colors_info=&#8221;{}&#8221;][\/et_pb_button][\/et_pb_column][\/et_pb_row][et_pb_row column_structure=&#8221;1_3,1_3,1_3&#8243; _builder_version=&#8221;4.27.4&#8243; _module_preset=&#8221;default&#8221; global_colors_info=&#8221;{}&#8221;][et_pb_column type=&#8221;1_3&#8243; _builder_version=&#8221;4.27.4&#8243; _module_preset=&#8221;default&#8221; global_colors_info=&#8221;{}&#8221;][\/et_pb_column][et_pb_column type=&#8221;1_3&#8243; _builder_version=&#8221;4.27.4&#8243; _module_preset=&#8221;default&#8221; global_colors_info=&#8221;{}&#8221;][et_pb_image src=&#8221;https:\/\/miomundo.fr\/wp-content\/uploads\/2025\/06\/1-jrd2.jpeg&#8221; alt=&#8221;Table ext\u00e9rieur Teck&#8221; title_text=&#8221;1-jrd2&#8243; align=&#8221;center&#8221; admin_label=&#8221;Image&#8221; _builder_version=&#8221;4.27.4&#8243; _module_preset=&#8221;default&#8221; global_colors_info=&#8221;{}&#8221;][\/et_pb_image][et_pb_button button_url=&#8221;https:\/\/miomundo.fr\/index.php\/deux-chambres-ikat-et-teck\/&#8221; button_text=&#8221;4 &#8211; Deux chambres Ikat et Teck&#8221; button_alignment=&#8221;center&#8221; _builder_version=&#8221;4.27.4&#8243; _module_preset=&#8221;default&#8221; global_colors_info=&#8221;{}&#8221;][\/et_pb_button][\/et_pb_column][et_pb_column type=&#8221;1_3&#8243; _builder_version=&#8221;4.27.4&#8243; _module_preset=&#8221;default&#8221; global_colors_info=&#8221;{}&#8221;][\/et_pb_column][\/et_pb_row][et_pb_row _builder_version=&#8221;4.27.4&#8243; _module_preset=&#8221;default&#8221; global_colors_info=&#8221;{}&#8221;][et_pb_column type=&#8221;4_4&#8243; _builder_version=&#8221;4.27.4&#8243; _module_preset=&#8221;default&#8221; global_colors_info=&#8221;{}&#8221;][et_pb_gallery gallery_ids=&#8221;103,102,723,724&#8243; show_title_and_caption=&#8221;off&#8221; show_pagination=&#8221;off&#8221; _builder_version=&#8221;4.27.4&#8243; _module_preset=&#8221;default&#8221; animation_style=&#8221;fade&#8221; global_colors_info=&#8221;{}&#8221;][\/et_pb_gallery][et_pb_text _builder_version=&#8221;4.27.4&#8243; _module_preset=&#8221;default&#8221; global_colors_info=&#8221;{}&#8221;]<\/p>\n<p style=\"text-align: center;\"><strong>Attention,<\/strong> le prix du parking n&#8217;est pas inclus dans les h\u00e9bergements, merci de nous consulter car les places sont limit\u00e9es.<\/p>\n<p style=\"text-align: center;\">Visitez \u00e9galement notre site d&#8217;import et de vente directe d&#8217;artisanat du P\u00e9rou du Br\u00e9sil et d&#8217;Indon\u00e9sie sur <a href=\"https:\/\/www.mediomundo.fr\" target=\"_blank\" rel=\"noopener\">www.mediomundo.fr<\/a><\/p>\n<p style=\"text-align: center;\">Nos locations sont \u00e9galement sur AirBNB, <a href=\"https:\/\/www.airbnb.fr\/users\/4862265\/listings\" target=\"_blank\" rel=\"noopener\">cliquez ICI pour acc\u00e9der \u00e0 notre profil<\/a>, puis sur &#8220;Afficher toutes les annonces&#8221; en bas \u00e0 gauche.<\/p>\n<p>[\/et_pb_text][et_pb_code _builder_version=&#8221;4.27.4&#8243; _module_preset=&#8221;default&#8221; text_orientation=&#8221;center&#8221; global_colors_info=&#8221;{}&#8221;]<iframe src=\"https:\/\/www.google.com\/maps\/embed?pb=!1m18!1m12!1m3!1d2869.337925325692!2d4.415395876464571!3d44.0144109289935!2m3!1f0!2f0!3f0!3m2!1i1024!2i768!4f13.1!3m3!1m2!1s0x12b5b55e1f68b413%3A0xd74bf8eb73ae7a7e!2s28%20Rue%20des%20Capucins%2C%2030700%20Uz%C3%A8s!5e0!3m2!1sfr!2sfr!4v1750690297736!5m2!1sfr!2sfr\" width=\"600\" height=\"450\" style=\"border:0;\" allowfullscreen=\"\" loading=\"lazy\" referrerpolicy=\"no-referrer-when-downgrade\"><\/iframe>[\/et_pb_code][\/et_pb_column][\/et_pb_row][\/et_pb_section]<\/p>\n","protected":false},"excerpt":{"rendered":"<p>Consultez ci-dessous nos 4 possibilit\u00e9s d&#8217;h\u00e9bergement Attention, le prix du parking n&#8217;est pas inclus dans les h\u00e9bergements, merci de nous consulter car les places sont limit\u00e9es. Visitez \u00e9galement notre site d&#8217;import et de vente directe d&#8217;artisanat du P\u00e9rou du Br\u00e9sil et d&#8217;Indon\u00e9sie sur www.mediomundo.fr Nos locations sont \u00e9galement sur AirBNB, cliquez ICI pour acc\u00e9der \u00e0 [&hellip;]<\/p>\n","protected":false},"author":1,"featured_media":0,"parent":0,"menu_order":0,"comment_status":"closed","ping_status":"closed","template":"","meta":{"_et_pb_use_builder":"on","_et_pb_old_content":"","_et_gb_content_width":"","footnotes":""},"class_list":["post-16","page","type-page","status-publish","hentry"],"_links":{"self":[{"href":"https:\/\/miomundo.fr\/index.php\/wp-json\/wp\/v2\/pages\/16","targetHints":{"allow":["GET"]}}],"collection":[{"href":"https:\/\/miomundo.fr\/index.php\/wp-json\/wp\/v2\/pages"}],"about":[{"href":"https:\/\/miomundo.fr\/index.php\/wp-json\/wp\/v2\/types\/page"}],"author":[{"embeddable":true,"href":"https:\/\/miomundo.fr\/index.php\/wp-json\/wp\/v2\/users\/1"}],"replies":[{"embeddable":true,"href":"https:\/\/miomundo.fr\/index.php\/wp-json\/wp\/v2\/comments?post=16"}],"version-history":[{"count":26,"href":"https:\/\/miomundo.fr\/index.php\/wp-json\/wp\/v2\/pages\/16\/revisions"}],"predecessor-version":[{"id":3110,"href":"https:\/\/miomundo.fr\/index.php\/wp-json\/wp\/v2\/pages\/16\/revisions\/3110"}],"wp:attachment":[{"href":"https:\/\/miomundo.fr\/index.php\/wp-json\/wp\/v2\/media?parent=16"}],"curies":[{"name":"wp","href":"https:\/\/api.w.org\/{rel}","templated":true}]}}