{"id":2723,"date":"2025-07-04T16:42:01","date_gmt":"2025-07-04T14:42:01","guid":{"rendered":"https:\/\/miomundo.fr\/?page_id=2723"},"modified":"2025-07-05T16:14:56","modified_gmt":"2025-07-05T14:14:56","slug":"deux-chambres-ikat-et-teck","status":"publish","type":"page","link":"https:\/\/miomundo.fr\/index.php\/deux-chambres-ikat-et-teck\/","title":{"rendered":"Deux chambres Ikat et Teck"},"content":{"rendered":"<p>[et_pb_section fb_built=&#8221;1&#8243; _builder_version=&#8221;4.27.4&#8243; _module_preset=&#8221;default&#8221; global_colors_info=&#8221;{}&#8221;][et_pb_row _builder_version=&#8221;4.27.4&#8243; _module_preset=&#8221;default&#8221; hover_enabled=&#8221;0&#8243; global_colors_info=&#8221;{}&#8221; sticky_enabled=&#8221;0&#8243;][et_pb_column type=&#8221;4_4&#8243; _builder_version=&#8221;4.27.4&#8243; _module_preset=&#8221;default&#8221; global_colors_info=&#8221;{}&#8221;][et_pb_text _builder_version=&#8221;4.27.4&#8243; _module_preset=&#8221;default&#8221; hover_enabled=&#8221;0&#8243; global_colors_info=&#8221;{}&#8221; sticky_enabled=&#8221;0&#8243;]<\/p>\n<h2 style=\"text-align: center;\"><strong>Deux chambres Ikat et Teck dans un jardin \u00e0 Uz\u00e8s<br \/><\/strong><\/h2>\n<p>[\/et_pb_text][et_pb_image src=&#8221;https:\/\/miomundo.fr\/wp-content\/uploads\/2025\/06\/1-jrd3.jpeg&#8221; alt=&#8221;Jardin chambre Teck&#8221; title_text=&#8221;1-jrd3&#8243; _builder_version=&#8221;4.27.4&#8243; _module_preset=&#8221;default&#8221; global_colors_info=&#8221;{}&#8221;][\/et_pb_image][et_pb_text _builder_version=&#8221;4.27.4&#8243; _module_preset=&#8221;default&#8221; global_colors_info=&#8221;{}&#8221; custom_padding=&#8221;2px|||||&#8221;]<\/p>\n<p><big>Deux Chambres, l&#8217;une avec 2 lits simples de 90 X 190 et l&#8217;autre avec 1 lit de 140 X 190<br \/><\/big><\/p>\n<p>La chambre est situ\u00e9e dans un jardin arbor\u00e9 sans aucun bruit de la ville, \u00e0 120 m du march\u00e9 proven\u00e7al (les mercredis et samedi), au c\u0153ur d&#8217;Uz\u00e8s. Face au levant, avec vue sur des jardins et \u00e0 l&#8217;ombre du cerisier en \u00e9t\u00e9.<\/p>\n<p>Le calme d&#8217;un jardin en plein c\u0153ur d&#8217;Uz\u00e8s, \u00e0 deux pas du centre ville.<\/p>\n<p>ATTENTION, ce logement ne comporte pas de cuisine. Il y a des marches pour acc\u00e9der \u00e0 la douche, ce qui parfois ne convient pas aux personnes \u00e2g\u00e9es ou \u00e0 faible mobilit\u00e9.<br \/>Situ\u00e9e dans un jardin arbor\u00e9 sans aucun bruit de la ville, \u00e0 100 m du march\u00e9 proven\u00e7al, au c\u0153ur d&#8217; Uz\u00e8s. Face au levant, vue sur des jardins. Deux chambres d\u00e9cor\u00e9es au premier \u00e9tage de chacune 15 M2 (L&#8217;une \u00e9quip\u00e9e de 2 lits simples, l&#8217;autre d&#8217;un lit double) faisant partie d\u2019une grande b\u00e2tisse r\u00e9nov\u00e9e. Salle de bain \/ WC et douche au rez de chauss\u00e9 (4 m2). Grande salle de jeux \/ salon (30 m2 de plain pied sur le jardin) avec livres, BD, jeux de cartes, jeux de soci\u00e9t\u00e9, jeux de carrom, WiFi et table de cuisine .<br \/>A l&#8217;ombre du cerisier et r\u00e9veill\u00e9 par le chant des oiseaux qui viennent faire leurs nids au printemps. Partie de jardin r\u00e9serv\u00e9e aux locataires d\u2019environ 30 M2, avec table en pierre. Vous y arriverez en traversant notre grand jardin zen balinais que vous pourrez contempler de la fen\u00eatre du premier \u00e9tage. Aucun bruit de circulation ou nuisances de la ville, malgr\u00e9 sa grande proximit\u00e9 ; la rue et le jardin sont parmi les plus tranquilles d\u2019Uz\u00e8s.<\/p>\n<p>M\u00e9nage, draps, serviettes toilettes sont compris. Le petit d\u00e9jeuner est compris mais vous devrez le pr\u00e9parer \u00e0 votre convenance.Tout le n\u00e9cessaire est \u00e0 disposition (frigo, four micro-ondes, cafeti\u00e8re, bouilloire, toaster, eau filtr\u00e9e, th\u00e9, caf\u00e9, jus de fruit, muesli etc); la meilleure boulangerie d\u2019Uz\u00e8s est \u00e0 100 m. Draps et serviettes fournies. Nous sommes l\u00e0, voisins pour r\u00e9pondre \u00e0 tous vos besoins. Pas d\u2019animaux de compagnie, le jardin est trop petit et la d\u00e9co trop fragile. Nous attachons une grande importance au respect de cette atmosph\u00e8re de calme et remercions par avance nos locataires de faire de m\u00eame dans la mesure du possible.<br \/>Possibilit\u00e9 de garer des v\u00e9los dans le garage en toute s\u00e9curit\u00e9.<\/p>\n<p>Vous acc\u00e9derez \u00e0 votre chambre en traversant notre <strong>grand jardin zen balinais<\/strong> que vous pourrez contempler de la fen\u00eatre du premier \u00e9tage. Aucun bruit de circulation ou nuisances de la ville, malgr\u00e9 sa grande proximit\u00e9 ; la rue et le jardin sont parmi les plus tranquilles d\u2019Uz\u00e8s. M\u00e9nage, draps et serviette de toilette sont compris. Nous sommes l\u00e0, voisins, pour r\u00e9pondre \u00e0 tous vos besoins et vous fournir des informations sur les nombreuses activit\u00e9s et centre d\u2019int\u00e9r\u00eats touristiques de la r\u00e9gion. Pas d\u2019animaux de compagnie, le jardin est trop petit et la d\u00e9co trop fragile. Tous les espaces sont non-fumeur, sauf le jardin. Nous attachons une grande importance au respect de l\u2019atmosph\u00e8re de calme et remercions par avance nos locataires de faire de m\u00eame dans la mesure du possible.<\/p>\n<p>&#8211; \u00e0 150 m\u00e8tres de l\u2019office du tourisme<br \/>&#8211; Pont du Gard \u00e0 14 km<br \/>&#8211; Bambouseraie d\u2019Anduze \u00e0 46 km<br \/>&#8211; 24 km de N\u00eemes et 39 km d\u2019Avignon<br \/>&#8211; Mus\u00e9e Haribo du bonbon \u00e0 2 Kms<\/p>\n<p>\u2022 \u2022 Nous consulter pour les tarifs haute et basse saison :<\/p>\n<p>Pas d\u2019animaux de compagnie, le jardin est trop petit et la d\u00e9co trop fragile. Les visites de tierces personnes sont soumises \u00e0 notre accord.La r\u00e9servation sera confirm\u00e9e par le versement d&#8217;arrhes \u00e9quivalents \u00e0 30% du montant d\u00fb (s\u00e9jour + options) au plus tard 7 jours apr\u00e8s votre demande (sinon la r\u00e9servation est consid\u00e9r\u00e9e comme nulle) et le retour des contrats de locations\u00a0 sign\u00e9s (que vous recevrez par mail d\u00e8s votre demande et que vous nous retournerez sign\u00e9s par le m\u00eame moyen). Nous vous renverrons\u00a0 par mail le contrat sign\u00e9 accompagn\u00e9 du re\u00e7u du payement des arrhes. Le solde devra \u00eatre vers\u00e9 au plus tard 30 jours avant le d\u00e9but du s\u00e9jour par virement sur notre compte bancaire.<\/p>\n<p>COMPRIS:<br \/>M\u00e9nage, draps et couette, serviettes toilette, chauffage extra si d\u00e9sir\u00e9.<\/p>\n<p>Possibilit\u00e9 (sous r\u00e9serve dispo.) parking ferm\u00e9\/s\u00e9curis\u00e9 pour v\u00e9hicule petit ou moyen dans la cour (10\u20ac\/ jour) avec acc\u00e8s 24\/24, inclus un bip pour portail t\u00e9l\u00e9command\u00e9.<\/p>\n<p>Places de stationnements gratuites dans les rues adjacentes<\/p>\n<p>Caution de 100 \u20ac pay\u00e9e en ch\u00e8que ou esp\u00e8ce \u00e0 l\u2019arriv\u00e9e, rendue au d\u00e9part si l\u2019\u00e9tat des lieux est conforme \u00e0 celui \u00e9tabli \u00e0 la remise des cl\u00e9s.<\/p>\n<p>[\/et_pb_text][et_pb_image src=&#8221;https:\/\/miomundo.fr\/wp-content\/uploads\/2025\/06\/ch2c.jpg&#8221; alt=&#8221;Chambre Ikat&#8221; title_text=&#8221;ch2c&#8221; align=&#8221;center&#8221; _builder_version=&#8221;4.27.4&#8243; _module_preset=&#8221;default&#8221; max_width=&#8221;66%&#8221; max_width_tablet=&#8221;100%&#8221; max_width_phone=&#8221;100%&#8221; max_width_last_edited=&#8221;on|desktop&#8221; locked=&#8221;off&#8221; global_colors_info=&#8221;{}&#8221;][\/et_pb_image][et_pb_image src=&#8221;https:\/\/miomundo.fr\/wp-content\/uploads\/2025\/06\/ch2b.jpg&#8221; alt=&#8221;Chambre Ikat&#8221; title_text=&#8221;ch2b&#8221; align=&#8221;center&#8221; _builder_version=&#8221;4.27.4&#8243; _module_preset=&#8221;default&#8221; max_width=&#8221;66%&#8221; max_width_tablet=&#8221;100%&#8221; max_width_phone=&#8221;100%&#8221; max_width_last_edited=&#8221;on|desktop&#8221; locked=&#8221;off&#8221; global_colors_info=&#8221;{}&#8221;][\/et_pb_image][et_pb_image src=&#8221;https:\/\/miomundo.fr\/wp-content\/uploads\/2025\/06\/CH2a.jpg&#8221; alt=&#8221;Chambre Ikat&#8221; title_text=&#8221;CH2a&#8221; align=&#8221;center&#8221; _builder_version=&#8221;4.27.4&#8243; _module_preset=&#8221;default&#8221; max_width=&#8221;66%&#8221; max_width_tablet=&#8221;100%&#8221; max_width_phone=&#8221;100%&#8221; max_width_last_edited=&#8221;on|desktop&#8221; locked=&#8221;off&#8221; global_colors_info=&#8221;{}&#8221;][\/et_pb_image][et_pb_image src=&#8221;https:\/\/miomundo.fr\/wp-content\/uploads\/2025\/06\/room-uzes-france.jpg&#8221; alt=&#8221;Fen\u00eatre location Ikat&#8221; title_text=&#8221;room-uzes-france&#8221; align=&#8221;center&#8221; _builder_version=&#8221;4.27.4&#8243; _module_preset=&#8221;default&#8221; max_width=&#8221;66%&#8221; max_width_tablet=&#8221;100%&#8221; max_width_phone=&#8221;100%&#8221; max_width_last_edited=&#8221;on|desktop&#8221; locked=&#8221;off&#8221; global_colors_info=&#8221;{}&#8221;][\/et_pb_image][et_pb_image src=&#8221;https:\/\/miomundo.fr\/wp-content\/uploads\/2025\/06\/C4.jpeg&#8221; alt=&#8221;Fen\u00eatre location Ikat&#8221; title_text=&#8221;C4&#8243; align=&#8221;center&#8221; _builder_version=&#8221;4.27.4&#8243; _module_preset=&#8221;default&#8221; max_width=&#8221;66%&#8221; max_width_tablet=&#8221;100%&#8221; max_width_phone=&#8221;100%&#8221; max_width_last_edited=&#8221;on|desktop&#8221; locked=&#8221;off&#8221; global_colors_info=&#8221;{}&#8221;][\/et_pb_image][et_pb_image src=&#8221;https:\/\/miomundo.fr\/wp-content\/uploads\/2025\/06\/ch2.jpeg&#8221; alt=&#8221;Fen\u00eatre location Ikat&#8221; title_text=&#8221;ch2&#8243; align=&#8221;center&#8221; _builder_version=&#8221;4.27.4&#8243; _module_preset=&#8221;default&#8221; max_width=&#8221;66%&#8221; max_width_tablet=&#8221;100%&#8221; max_width_phone=&#8221;100%&#8221; max_width_last_edited=&#8221;on|desktop&#8221; locked=&#8221;off&#8221; global_colors_info=&#8221;{}&#8221;][\/et_pb_image][et_pb_image src=&#8221;https:\/\/miomundo.fr\/wp-content\/uploads\/2025\/06\/1-jrd2.jpeg&#8221; alt=&#8221;Table ext\u00e9rieur Teck&#8221; title_text=&#8221;1-jrd2&#8243; align=&#8221;center&#8221; _builder_version=&#8221;4.27.4&#8243; _module_preset=&#8221;default&#8221; max_width=&#8221;66%&#8221; max_width_tablet=&#8221;100%&#8221; max_width_phone=&#8221;100%&#8221; max_width_last_edited=&#8221;on|desktop&#8221; locked=&#8221;off&#8221; global_colors_info=&#8221;{}&#8221;][\/et_pb_image][et_pb_image src=&#8221;https:\/\/miomundo.fr\/wp-content\/uploads\/2025\/06\/JRD1.jpeg&#8221; alt=&#8221;Table ext\u00e9rieur Teck&#8221; title_text=&#8221;JRD1&#8243; align=&#8221;center&#8221; _builder_version=&#8221;4.27.4&#8243; _module_preset=&#8221;default&#8221; max_width=&#8221;66%&#8221; max_width_tablet=&#8221;100%&#8221; max_width_phone=&#8221;100%&#8221; max_width_last_edited=&#8221;on|desktop&#8221; locked=&#8221;off&#8221; global_colors_info=&#8221;{}&#8221;][\/et_pb_image][\/et_pb_column][\/et_pb_row][et_pb_row _builder_version=&#8221;4.27.4&#8243; _module_preset=&#8221;default&#8221; global_colors_info=&#8221;{}&#8221;][et_pb_column type=&#8221;4_4&#8243; _builder_version=&#8221;4.27.4&#8243; _module_preset=&#8221;default&#8221; global_colors_info=&#8221;{}&#8221;][et_pb_image src=&#8221;https:\/\/miomundo.fr\/wp-content\/uploads\/2025\/06\/bas4.jpeg&#8221; alt=&#8221;Salle Commune Teck Ikat&#8221; title_text=&#8221;bas4&#8243; align=&#8221;center&#8221; admin_label=&#8221;Image&#8221; _builder_version=&#8221;4.27.4&#8243; _module_preset=&#8221;default&#8221; max_width=&#8221;66%&#8221; max_width_tablet=&#8221;100%&#8221; max_width_phone=&#8221;100%&#8221; max_width_last_edited=&#8221;on|desktop&#8221; locked=&#8221;off&#8221; global_colors_info=&#8221;{}&#8221;][\/et_pb_image][et_pb_image src=&#8221;https:\/\/miomundo.fr\/wp-content\/uploads\/2025\/06\/bas3.jpeg&#8221; alt=&#8221;Canap\u00e9 salle commune&#8221; title_text=&#8221;bas3&#8243; align=&#8221;center&#8221; _builder_version=&#8221;4.27.4&#8243; _module_preset=&#8221;default&#8221; max_width=&#8221;66%&#8221; max_width_tablet=&#8221;100%&#8221; max_width_phone=&#8221;100%&#8221; max_width_last_edited=&#8221;on|desktop&#8221; locked=&#8221;off&#8221; global_colors_info=&#8221;{}&#8221;][\/et_pb_image][et_pb_image src=&#8221;https:\/\/miomundo.fr\/wp-content\/uploads\/2025\/06\/bas2.jpeg&#8221; alt=&#8221;Entr\u00e9e chambre Teck&#8221; title_text=&#8221;bas2&#8243; align=&#8221;center&#8221; _builder_version=&#8221;4.27.4&#8243; _module_preset=&#8221;default&#8221; max_width=&#8221;66%&#8221; max_width_tablet=&#8221;100%&#8221; max_width_phone=&#8221;100%&#8221; max_width_last_edited=&#8221;on|desktop&#8221; locked=&#8221;off&#8221; global_colors_info=&#8221;{}&#8221;][\/et_pb_image][et_pb_image src=&#8221;https:\/\/miomundo.fr\/wp-content\/uploads\/2025\/06\/esc1.jpg&#8221; alt=&#8221;Escalier vers les chambres&#8221; title_text=&#8221;esc1&#8243; align=&#8221;center&#8221; _builder_version=&#8221;4.27.4&#8243; _module_preset=&#8221;default&#8221; max_width=&#8221;66%&#8221; max_width_tablet=&#8221;100%&#8221; max_width_phone=&#8221;100%&#8221; max_width_last_edited=&#8221;on|desktop&#8221; locked=&#8221;off&#8221; global_colors_info=&#8221;{}&#8221;][\/et_pb_image][et_pb_image src=&#8221;https:\/\/miomundo.fr\/wp-content\/uploads\/2025\/06\/ESC2.jpg&#8221; alt=&#8221;Escalier vers les chambres&#8221; title_text=&#8221;ESC2&#8243; align=&#8221;center&#8221; _builder_version=&#8221;4.27.4&#8243; _module_preset=&#8221;default&#8221; max_width=&#8221;66%&#8221; max_width_tablet=&#8221;100%&#8221; max_width_phone=&#8221;100%&#8221; max_width_last_edited=&#8221;on|desktop&#8221; locked=&#8221;off&#8221; global_colors_info=&#8221;{}&#8221;][\/et_pb_image][et_pb_image src=&#8221;https:\/\/miomundo.fr\/wp-content\/uploads\/2025\/06\/bas3.jpeg&#8221; alt=&#8221;Canap\u00e9 salle commune&#8221; title_text=&#8221;bas3&#8243; align=&#8221;center&#8221; _builder_version=&#8221;4.27.4&#8243; _module_preset=&#8221;default&#8221; max_width=&#8221;66%&#8221; max_width_tablet=&#8221;100%&#8221; max_width_phone=&#8221;100%&#8221; max_width_last_edited=&#8221;on|desktop&#8221; locked=&#8221;off&#8221; global_colors_info=&#8221;{}&#8221;][\/et_pb_image][et_pb_image src=&#8221;https:\/\/miomundo.fr\/wp-content\/uploads\/2025\/06\/SDB2.jpg&#8221; alt=&#8221;Salle de bain &#8221; title_text=&#8221;SDB2&#8243; align=&#8221;center&#8221; _builder_version=&#8221;4.27.4&#8243; _module_preset=&#8221;default&#8221; max_width=&#8221;66%&#8221; max_width_tablet=&#8221;100%&#8221; max_width_phone=&#8221;100%&#8221; max_width_last_edited=&#8221;on|desktop&#8221; locked=&#8221;off&#8221; global_colors_info=&#8221;{}&#8221;][\/et_pb_image][et_pb_image src=&#8221;https:\/\/miomundo.fr\/wp-content\/uploads\/2025\/06\/SDB1.jpg&#8221; alt=&#8221;Salle de bain &#8221; title_text=&#8221;SDB1&#8243; align=&#8221;center&#8221; _builder_version=&#8221;4.27.4&#8243; _module_preset=&#8221;default&#8221; max_width=&#8221;66%&#8221; max_width_tablet=&#8221;100%&#8221; max_width_phone=&#8221;100%&#8221; max_width_last_edited=&#8221;on|desktop&#8221; locked=&#8221;off&#8221; global_colors_info=&#8221;{}&#8221;][\/et_pb_image][et_pb_image src=&#8221;https:\/\/miomundo.fr\/wp-content\/uploads\/2025\/06\/loue-saisonnier-uzes-jardiin.jpg&#8221; alt=&#8221;Douche&#8221; title_text=&#8221;loue-saisonnier-uzes-jardiin&#8221; align=&#8221;center&#8221; _builder_version=&#8221;4.27.4&#8243; _module_preset=&#8221;default&#8221; max_width=&#8221;66%&#8221; max_width_tablet=&#8221;100%&#8221; max_width_phone=&#8221;100%&#8221; max_width_last_edited=&#8221;on|desktop&#8221; locked=&#8221;off&#8221; global_colors_info=&#8221;{}&#8221;][\/et_pb_image][et_pb_image src=&#8221;https:\/\/miomundo.fr\/wp-content\/uploads\/2025\/06\/REPAS1-1.jpg&#8221; alt=&#8221;Douche&#8221; title_text=&#8221;REPAS1&#8243; align=&#8221;center&#8221; _builder_version=&#8221;4.27.4&#8243; _module_preset=&#8221;default&#8221; max_width=&#8221;66%&#8221; max_width_tablet=&#8221;100%&#8221; max_width_phone=&#8221;100%&#8221; max_width_last_edited=&#8221;on|desktop&#8221; locked=&#8221;off&#8221; global_colors_info=&#8221;{}&#8221;][\/et_pb_image][et_pb_image src=&#8221;https:\/\/miomundo.fr\/wp-content\/uploads\/2025\/06\/REPAS2-1.jpg&#8221; alt=&#8221;Douche&#8221; title_text=&#8221;REPAS2&#8243; align=&#8221;center&#8221; _builder_version=&#8221;4.27.4&#8243; _module_preset=&#8221;default&#8221; max_width=&#8221;66%&#8221; max_width_tablet=&#8221;100%&#8221; max_width_phone=&#8221;100%&#8221; max_width_last_edited=&#8221;on|desktop&#8221; locked=&#8221;off&#8221; global_colors_info=&#8221;{}&#8221;][\/et_pb_image][et_pb_image src=&#8221;https:\/\/miomundo.fr\/wp-content\/uploads\/2025\/06\/REPAS1.jpg&#8221; alt=&#8221;Douche&#8221; title_text=&#8221;REPAS1&#8243; align=&#8221;center&#8221; _builder_version=&#8221;4.27.4&#8243; _module_preset=&#8221;default&#8221; max_width=&#8221;66%&#8221; max_width_tablet=&#8221;100%&#8221; max_width_phone=&#8221;100%&#8221; max_width_last_edited=&#8221;on|desktop&#8221; locked=&#8221;off&#8221; global_colors_info=&#8221;{}&#8221;][\/et_pb_image][\/et_pb_column][\/et_pb_row][\/et_pb_section]<\/p>\n","protected":false},"excerpt":{"rendered":"<p>Deux chambres Ikat et Teck dans un jardin \u00e0 Uz\u00e8sDeux Chambres, l&#8217;une avec 2 lits simples de 90 X 190 et l&#8217;autre avec 1 lit de 140 X 190 La chambre est situ\u00e9e dans un jardin arbor\u00e9 sans aucun bruit de la ville, \u00e0 120 m du march\u00e9 proven\u00e7al (les mercredis et samedi), au c\u0153ur [&hellip;]<\/p>\n","protected":false},"author":1,"featured_media":0,"parent":0,"menu_order":0,"comment_status":"closed","ping_status":"closed","template":"","meta":{"_et_pb_use_builder":"on","_et_pb_old_content":"","_et_gb_content_width":"","footnotes":""},"class_list":["post-2723","page","type-page","status-publish","hentry"],"_links":{"self":[{"href":"https:\/\/miomundo.fr\/index.php\/wp-json\/wp\/v2\/pages\/2723","targetHints":{"allow":["GET"]}}],"collection":[{"href":"https:\/\/miomundo.fr\/index.php\/wp-json\/wp\/v2\/pages"}],"about":[{"href":"https:\/\/miomundo.fr\/index.php\/wp-json\/wp\/v2\/types\/page"}],"author":[{"embeddable":true,"href":"https:\/\/miomundo.fr\/index.php\/wp-json\/wp\/v2\/users\/1"}],"replies":[{"embeddable":true,"href":"https:\/\/miomundo.fr\/index.php\/wp-json\/wp\/v2\/comments?post=2723"}],"version-history":[{"count":5,"href":"https:\/\/miomundo.fr\/index.php\/wp-json\/wp\/v2\/pages\/2723\/revisions"}],"predecessor-version":[{"id":3020,"href":"https:\/\/miomundo.fr\/index.php\/wp-json\/wp\/v2\/pages\/2723\/revisions\/3020"}],"wp:attachment":[{"href":"https:\/\/miomundo.fr\/index.php\/wp-json\/wp\/v2\/media?parent=2723"}],"curies":[{"name":"wp","href":"https:\/\/api.w.org\/{rel}","templated":true}]}}