{"id":29,"date":"2025-06-23T10:57:18","date_gmt":"2025-06-23T08:57:18","guid":{"rendered":"https:\/\/miomundo.fr\/?page_id=29"},"modified":"2025-08-27T12:31:22","modified_gmt":"2025-08-27T10:31:22","slug":"studio-miomundo-location-uzes","status":"publish","type":"page","link":"https:\/\/miomundo.fr\/index.php\/studio-miomundo-location-uzes\/","title":{"rendered":"Studio Miomundo Location Uz\u00e8s"},"content":{"rendered":"<p>[et_pb_section fb_built=&#8221;1&#8243; _builder_version=&#8221;4.27.4&#8243; _module_preset=&#8221;default&#8221; global_colors_info=&#8221;{}&#8221;][et_pb_row _builder_version=&#8221;4.27.4&#8243; _module_preset=&#8221;default&#8221; global_colors_info=&#8221;{}&#8221;][et_pb_column type=&#8221;4_4&#8243; _builder_version=&#8221;4.27.4&#8243; _module_preset=&#8221;default&#8221; global_colors_info=&#8221;{}&#8221;][et_pb_text _builder_version=&#8221;4.27.4&#8243; _module_preset=&#8221;default&#8221; global_colors_info=&#8221;{}&#8221;]<\/p>\n<h1 style=\"text-align: center;\">Studio avec jardin dans le centre d&#8217;Uz\u00e8s en location saisonni\u00e8re<\/h1>\n<p>[\/et_pb_text][et_pb_image src=&#8221;https:\/\/miomundo.fr\/wp-content\/uploads\/2025\/06\/DSCF2243-1.jpg&#8221; alt=&#8221;Location Studio Uz\u00e8s&#8221; title_text=&#8221;DSCF2243&#8243; align=&#8221;center&#8221; _builder_version=&#8221;4.27.4&#8243; _module_preset=&#8221;default&#8221; global_colors_info=&#8221;{}&#8221;][\/et_pb_image][et_pb_text _builder_version=&#8221;4.27.4&#8243; _module_preset=&#8221;default&#8221; locked=&#8221;off&#8221; global_colors_info=&#8221;{}&#8221;]<\/p>\n<p style=\"text-align: justify;\"><strong>Studio<\/strong>\/loft pour 2 ou 3 personnes, de plain pied au fond d&#8217;un jardin arbor\u00e9 sans aucun bruit de la ville, \u00e0 120 m du march\u00e9 proven\u00e7al (les mercredis et samedis), au coeur <strong>d&#8217;Uz\u00e8s<\/strong>.<\/p>\n<p style=\"text-align: justify;\">Face au levant, avec vue sur des jardins et \u00e0 l&#8217;ombre l&#8217;\u00e9t\u00e9. Un seul grand volume de 52M2 de surface totale, RDC et 2 niveaux de mezzanines. Salle de bain \/ WC (sanibroyeur) et douche. Tout \u00e9quip\u00e9 et d\u00e9cor\u00e9 (appareils m\u00e9nagers, TV TNT, DVD, lave linge, WIFI pour ordinateur portable et smart phones.<\/p>\n<p style=\"text-align: justify;\">Sur un petit <strong>jardin privatif<\/strong> de 30 m2 avec table et chaises. Vous serez \u00e0 l&#8217;ombre du cerisier et r\u00e9veill\u00e9 par le chant des oiseaux qui viennent faire leurs nids au printemps et le son de la cascade et du jet du bassin naturel de notre jardin Zen.<\/p>\n<p style=\"text-align: justify;\">Un lit double (140X190) et un simple (110X190) dans chacune des mezzanine (dans le m\u00eame volume), un canap\u00e9\/lit au rez de chauss\u00e9.<\/p>\n<p style=\"text-align: justify;\">Vous acc\u00e9derez \u00e0 votre studio en traversant notre grand jardin zen balinais que vous pourrez contempler de la fen\u00eatre du premier \u00e9tage. Aucun bruit de circulation ou nuisances de la ville, malgr\u00e9 sa grande proximit\u00e9 ; la rue et le jardin sont parmi les plus tranquilles d\u2019Uz\u00e8s.<\/p>\n<p style=\"text-align: justify;\">&#8211; \u00e0 150 m\u00e8tres de l\u2019office du tourisme<br \/>&#8211; <strong>Pont du Gard<\/strong> \u00e0 14 km<br \/>&#8211; Bambouseraie d\u2019Anduze \u00e0 46 km<br \/>&#8211; 24 km de N\u00eemes et 39 km d\u2019Avignon<br \/>&#8211;<strong> Mus\u00e9e Haribo du bombon<\/strong> \u00e0 2 Kms<\/p>\n<p style=\"text-align: justify;\">\u2022 \u2022 Nous constulter pour les tarifs haute et basse saison :<\/p>\n<p style=\"text-align: justify;\"><strong>MINIMUM DE SEJOUR : 5 JOURS<\/strong><\/p>\n<p style=\"text-align: justify;\">Nous sommes sur place, voisins, pour r\u00e9pondre \u00e0 tous vos besoins et vous fournir des informations sur les nombreuses activit\u00e9s et centre d\u2019int\u00e9r\u00eats touristiques de la r\u00e9gion. Pas d\u2019animaux de compagnie, le jardin est trop petit et la d\u00e9co trop fragile. L\u2019appartement est non-fumeur. Les visites de tierces personnes sont soumises \u00e0 notre accord.<br \/>Nous attachons une grande importance au respect de cette atmosph\u00e8re de calme et remercions par avance nos locataires de faire de m\u00eame dans la mesure du possible.<\/p>\n<p style=\"text-align: justify;\">La r\u00e9servation sera confirm\u00e9e par le versement d&#8217;arrhes \u00e9quivalents \u00e0 30% du montant d\u00fb (s\u00e9jour + options) au plus tard 7 jours apr\u00e8s votre demande (sinon la r\u00e9servation est consid\u00e9r\u00e9e comme nulle) et le retour des contrats de locations\u00a0 sign\u00e9s (que vous recevrez par mail d\u00e8s votre demande et que vous nous retournerez sign\u00e9s par le m\u00eame moyen). Nous vous renverrons\u00a0 par mail le contrat sign\u00e9 accompagn\u00e9 du re\u00e7u du payement des arrhes. Le solde devra \u00eatre vers\u00e9 au plus tard 30 jours avant le d\u00e9but du s\u00e9jour par virement sur notre compte bancaire.<\/p>\n<p style=\"text-align: justify;\">TOUT EST COMPRIS:<br \/>M\u00e9nage, consommations (gaz, eau chaude, \u00e9lectricit\u00e9) draps et serviettes toilette<br \/>Possibilit\u00e9 (sous r\u00e9serve dispo.) <strong>parking<\/strong> ferm\u00e9\/s\u00e9curis\u00e9 pour v\u00e9hicule petit ou moyen dans la cour (10\u20ac\/ jour) avec acc\u00e8s 24\/24, inclus une t\u00e9l\u00e9commande pour portail automatique.<\/p>\n<p style=\"text-align: justify;\"><strong>Places de stationnements gratuites<\/strong> dans les rues adjacentes<\/p>\n<p style=\"text-align: justify;\">Caution de 200 \u20ac pay\u00e9e en ch\u00e8que ou esp\u00e8ce \u00e0 l\u2019arriv\u00e9e, rendue au d\u00e9part si l\u2019\u00e9tat des lieux est conforme \u00e0 celui \u00e9tabli \u00e0 la remise des cl\u00e9s.<br \/>Un lit enfant parapluie peut \u00eatre ajout\u00e9 (sans frais) si besoin et en plus des 3 personnes maximales.<\/p>\n<p>[\/et_pb_text][et_pb_button button_url=&#8221;https:\/\/miomundo.fr\/wp-content\/uploads\/2025\/06\/contrat-type-fr.doc&#8221; button_text=&#8221;T\u00e9l\u00e9charger le contrat de location du studio&#8221; button_alignment=&#8221;center&#8221; _builder_version=&#8221;4.27.4&#8243; _module_preset=&#8221;default&#8221; locked=&#8221;off&#8221; global_colors_info=&#8221;{}&#8221;][\/et_pb_button][et_pb_image src=&#8221;https:\/\/miomundo.fr\/wp-content\/uploads\/2025\/06\/location-directe-vacances-uzes.jpg&#8221; alt=&#8221;Hall&#8221; title_text=&#8221;location-directe-vacances-uzes&#8221; align=&#8221;center&#8221; _builder_version=&#8221;4.27.4&#8243; _module_preset=&#8221;default&#8221; max_width=&#8221;66%&#8221; max_width_tablet=&#8221;100%&#8221; max_width_phone=&#8221;100%&#8221; max_width_last_edited=&#8221;on|desktop&#8221; global_colors_info=&#8221;{}&#8221;][\/et_pb_image][et_pb_image src=&#8221;https:\/\/miomundo.fr\/wp-content\/uploads\/2025\/06\/dscf2241.jpg&#8221; alt=&#8221;Jardin studio&#8221; title_text=&#8221;dscf2241&#8243; align=&#8221;center&#8221; _builder_version=&#8221;4.27.4&#8243; _module_preset=&#8221;default&#8221; max_width=&#8221;66%&#8221; max_width_tablet=&#8221;100%&#8221; max_width_phone=&#8221;100%&#8221; max_width_last_edited=&#8221;on|desktop&#8221; global_colors_info=&#8221;{}&#8221;][\/et_pb_image][et_pb_image src=&#8221;https:\/\/miomundo.fr\/wp-content\/uploads\/2025\/06\/uzes-centre-jardin-appartement.jpg&#8221; alt=&#8221;Salon studio&#8221; title_text=&#8221;uzes-centre-jardin-appartement&#8221; align=&#8221;center&#8221; _builder_version=&#8221;4.27.4&#8243; _module_preset=&#8221;default&#8221; max_width=&#8221;66%&#8221; max_width_tablet=&#8221;100%&#8221; max_width_phone=&#8221;100%&#8221; max_width_last_edited=&#8221;on|desktop&#8221; global_colors_info=&#8221;{}&#8221;][\/et_pb_image][et_pb_image src=&#8221;https:\/\/miomundo.fr\/wp-content\/uploads\/2025\/06\/location-uzes-jardin-prive.jpg&#8221; alt=&#8221;Chambre 2&#8243; title_text=&#8221;location-uzes-jardin-prive&#8221; align=&#8221;center&#8221; _builder_version=&#8221;4.27.4&#8243; _module_preset=&#8221;default&#8221; max_width=&#8221;66%&#8221; max_width_tablet=&#8221;100%&#8221; max_width_phone=&#8221;100%&#8221; max_width_last_edited=&#8221;on|desktop&#8221; global_colors_info=&#8221;{}&#8221;][\/et_pb_image][et_pb_image src=&#8221;https:\/\/miomundo.fr\/wp-content\/uploads\/2025\/06\/5.jpg&#8221; alt=&#8221;Chambre1&#8243; title_text=&#8221;5&#8243; align=&#8221;center&#8221; _builder_version=&#8221;4.27.4&#8243; _module_preset=&#8221;default&#8221; max_width=&#8221;66%&#8221; max_width_tablet=&#8221;100%&#8221; max_width_phone=&#8221;100%&#8221; max_width_last_edited=&#8221;on|desktop&#8221; global_colors_info=&#8221;{}&#8221;][\/et_pb_image][et_pb_image src=&#8221;https:\/\/miomundo.fr\/wp-content\/uploads\/2025\/06\/6.jpg&#8221; alt=&#8221;Chambre1&#8243; title_text=&#8221;6&#8243; align=&#8221;center&#8221; _builder_version=&#8221;4.27.4&#8243; _module_preset=&#8221;default&#8221; max_width=&#8221;66%&#8221; max_width_tablet=&#8221;100%&#8221; max_width_phone=&#8221;100%&#8221; max_width_last_edited=&#8221;on|desktop&#8221; global_colors_info=&#8221;{}&#8221;][\/et_pb_image][et_pb_image src=&#8221;https:\/\/miomundo.fr\/wp-content\/uploads\/2025\/06\/dscf2243.jpg&#8221; alt=&#8221;Table ext\u00e9rieure&#8221; title_text=&#8221;dscf2243&#8243; align=&#8221;center&#8221; _builder_version=&#8221;4.27.4&#8243; _module_preset=&#8221;default&#8221; max_width=&#8221;66%&#8221; max_width_tablet=&#8221;100%&#8221; max_width_phone=&#8221;100%&#8221; max_width_last_edited=&#8221;on|desktop&#8221; global_colors_info=&#8221;{}&#8221;][\/et_pb_image][et_pb_image src=&#8221;https:\/\/miomundo.fr\/wp-content\/uploads\/2025\/06\/location-parking-centre-ville-uzes.jpg&#8221; alt=&#8221;Entr\u00e9e location studio&#8221; title_text=&#8221;location-parking-centre-ville-uzes&#8221; align=&#8221;center&#8221; _builder_version=&#8221;4.27.4&#8243; _module_preset=&#8221;default&#8221; max_width=&#8221;66%&#8221; max_width_tablet=&#8221;100%&#8221; max_width_phone=&#8221;100%&#8221; max_width_last_edited=&#8221;on|desktop&#8221; global_colors_info=&#8221;{}&#8221;][\/et_pb_image][et_pb_image src=&#8221;https:\/\/miomundo.fr\/wp-content\/uploads\/2025\/06\/studio-en-centre-ville-avec-jardin-uzes.jpg&#8221; alt=&#8221;Vue d&#8217;en haut&#8221; title_text=&#8221;studio-en-centre-ville-avec-jardin-uzes&#8221; align=&#8221;center&#8221; _builder_version=&#8221;4.27.4&#8243; _module_preset=&#8221;default&#8221; max_width=&#8221;66%&#8221; max_width_tablet=&#8221;100%&#8221; max_width_phone=&#8221;100%&#8221; max_width_last_edited=&#8221;on|desktop&#8221; global_colors_info=&#8221;{}&#8221;][\/et_pb_image][et_pb_image src=&#8221;https:\/\/miomundo.fr\/wp-content\/uploads\/2025\/06\/location-saisonniere-centre-uzes.jpg&#8221; alt=&#8221;Salle \u00e0 manger location studio&#8221; title_text=&#8221;location-saisonniere-centre-uzes&#8221; align=&#8221;center&#8221; _builder_version=&#8221;4.27.4&#8243; _module_preset=&#8221;default&#8221; max_width=&#8221;66%&#8221; max_width_tablet=&#8221;100%&#8221; max_width_phone=&#8221;100%&#8221; max_width_last_edited=&#8221;on|desktop&#8221; global_colors_info=&#8221;{}&#8221;][\/et_pb_image][et_pb_image src=&#8221;https:\/\/miomundo.fr\/wp-content\/uploads\/2025\/06\/DSCF2242-1.jpg&#8221; alt=&#8221;Salle de bain&#8221; title_text=&#8221;DSCF2242&#8243; align=&#8221;center&#8221; _builder_version=&#8221;4.27.4&#8243; _module_preset=&#8221;default&#8221; max_width=&#8221;66%&#8221; max_width_tablet=&#8221;100%&#8221; max_width_phone=&#8221;100%&#8221; max_width_last_edited=&#8221;on|desktop&#8221; global_colors_info=&#8221;{}&#8221;][\/et_pb_image][et_pb_image src=&#8221;https:\/\/miomundo.fr\/wp-content\/uploads\/2025\/08\/20250826_131906-scaled.jpg&#8221; alt=&#8221;Salle de bain&#8221; title_text=&#8221;20250826_131906&#8243; align=&#8221;center&#8221; _builder_version=&#8221;4.27.4&#8243; _module_preset=&#8221;default&#8221; max_width=&#8221;66%&#8221; max_width_tablet=&#8221;100%&#8221; max_width_phone=&#8221;100%&#8221; max_width_last_edited=&#8221;on|desktop&#8221; hover_enabled=&#8221;0&#8243; global_colors_info=&#8221;{}&#8221; sticky_enabled=&#8221;0&#8243;][\/et_pb_image][et_pb_image src=&#8221;https:\/\/miomundo.fr\/wp-content\/uploads\/2025\/08\/20250826_131855-scaled.jpg&#8221; alt=&#8221;Salle de bain&#8221; title_text=&#8221;20250826_131855&#8243; align=&#8221;center&#8221; _builder_version=&#8221;4.27.4&#8243; _module_preset=&#8221;default&#8221; max_width=&#8221;66%&#8221; max_width_tablet=&#8221;100%&#8221; max_width_phone=&#8221;100%&#8221; max_width_last_edited=&#8221;on|desktop&#8221; hover_enabled=&#8221;0&#8243; global_colors_info=&#8221;{}&#8221; sticky_enabled=&#8221;0&#8243; locked=&#8221;off&#8221;][\/et_pb_image][et_pb_image src=&#8221;https:\/\/miomundo.fr\/wp-content\/uploads\/2025\/08\/20250826_131958-scaled.jpg&#8221; alt=&#8221;Salle de bain&#8221; title_text=&#8221;20250826_131958&#8243; align=&#8221;center&#8221; _builder_version=&#8221;4.27.4&#8243; _module_preset=&#8221;default&#8221; max_width=&#8221;66%&#8221; max_width_tablet=&#8221;100%&#8221; max_width_phone=&#8221;100%&#8221; max_width_last_edited=&#8221;on|desktop&#8221; hover_enabled=&#8221;0&#8243; global_colors_info=&#8221;{}&#8221; locked=&#8221;off&#8221; sticky_enabled=&#8221;0&#8243;][\/et_pb_image][\/et_pb_column][\/et_pb_row][\/et_pb_section]<\/p>\n","protected":false},"excerpt":{"rendered":"<p>Studio avec jardin dans le centre d&#8217;Uz\u00e8s en location saisonni\u00e8reStudio\/loft pour 2 ou 3 personnes, de plain pied au fond d&#8217;un jardin arbor\u00e9 sans aucun bruit de la ville, \u00e0 120 m du march\u00e9 proven\u00e7al (les mercredis et samedis), au coeur d&#8217;Uz\u00e8s. Face au levant, avec vue sur des jardins et \u00e0 l&#8217;ombre l&#8217;\u00e9t\u00e9. Un [&hellip;]<\/p>\n","protected":false},"author":1,"featured_media":0,"parent":0,"menu_order":0,"comment_status":"closed","ping_status":"closed","template":"","meta":{"_et_pb_use_builder":"on","_et_pb_old_content":"","_et_gb_content_width":"","footnotes":""},"class_list":["post-29","page","type-page","status-publish","hentry"],"_links":{"self":[{"href":"https:\/\/miomundo.fr\/index.php\/wp-json\/wp\/v2\/pages\/29","targetHints":{"allow":["GET"]}}],"collection":[{"href":"https:\/\/miomundo.fr\/index.php\/wp-json\/wp\/v2\/pages"}],"about":[{"href":"https:\/\/miomundo.fr\/index.php\/wp-json\/wp\/v2\/types\/page"}],"author":[{"embeddable":true,"href":"https:\/\/miomundo.fr\/index.php\/wp-json\/wp\/v2\/users\/1"}],"replies":[{"embeddable":true,"href":"https:\/\/miomundo.fr\/index.php\/wp-json\/wp\/v2\/comments?post=29"}],"version-history":[{"count":14,"href":"https:\/\/miomundo.fr\/index.php\/wp-json\/wp\/v2\/pages\/29\/revisions"}],"predecessor-version":[{"id":13844,"href":"https:\/\/miomundo.fr\/index.php\/wp-json\/wp\/v2\/pages\/29\/revisions\/13844"}],"wp:attachment":[{"href":"https:\/\/miomundo.fr\/index.php\/wp-json\/wp\/v2\/media?parent=29"}],"curies":[{"name":"wp","href":"https:\/\/api.w.org\/{rel}","templated":true}]}}