{"id":35,"date":"2025-06-23T11:02:26","date_gmt":"2025-06-23T09:02:26","guid":{"rendered":"https:\/\/miomundo.fr\/?page_id=35"},"modified":"2025-07-05T16:19:09","modified_gmt":"2025-07-05T14:19:09","slug":"chambre-dhotes-teck-dans-un-jardin-au-centre-duzes","status":"publish","type":"page","link":"https:\/\/miomundo.fr\/index.php\/chambre-dhotes-teck-dans-un-jardin-au-centre-duzes\/","title":{"rendered":"Chambre d&#8217;H\u00f4tes Teck dans un jardin au centre d&#8217;Uz\u00e8s"},"content":{"rendered":"<p>[et_pb_section fb_built=&#8221;1&#8243; _builder_version=&#8221;4.27.4&#8243; _module_preset=&#8221;default&#8221; global_colors_info=&#8221;{}&#8221;][et_pb_row _builder_version=&#8221;4.27.4&#8243; _module_preset=&#8221;default&#8221; global_colors_info=&#8221;{}&#8221;][et_pb_column type=&#8221;4_4&#8243; _builder_version=&#8221;4.27.4&#8243; _module_preset=&#8221;default&#8221; global_colors_info=&#8221;{}&#8221;][et_pb_text _builder_version=&#8221;4.27.4&#8243; _module_preset=&#8221;default&#8221; global_colors_info=&#8221;{}&#8221;]<\/p>\n<h1 style=\"text-align: center;\">Chambre d&#8217;H\u00f4tes Teck dans un jardin au centre d&#8217;Uz\u00e8s<\/h1>\n<p>[\/et_pb_text][et_pb_image src=&#8221;https:\/\/miomundo.fr\/wp-content\/uploads\/2025\/06\/1-jrd2.jpeg&#8221; alt=&#8221;Table ext\u00e9rieur Teck&#8221; title_text=&#8221;1-jrd2&#8243; align=&#8221;center&#8221; _builder_version=&#8221;4.27.4&#8243; _module_preset=&#8221;default&#8221; global_colors_info=&#8221;{}&#8221;][\/et_pb_image][et_pb_text _builder_version=&#8221;4.27.4&#8243; _module_preset=&#8221;default&#8221; global_colors_info=&#8221;{}&#8221;]<\/p>\n<p style=\"text-align: justify;\">Chambre 1 lit double de 140 X 190 cm<\/p>\n<p style=\"text-align: justify;\">La <strong>chambre <\/strong>est situ\u00e9e dans un jardin arbor\u00e9 sans aucun bruit de la ville, \u00e0 120 m du march\u00e9 proven\u00e7al (les mercredis et samedis), au coeur <strong>d&#8217;Uz\u00e8s<\/strong>. Face au levant, avec vue sur des jardins et \u00e0 l&#8217;ombre du cerisier en \u00e9t\u00e9. ATTENTION, ce logement ne comporte pas de cuisine. Il y a des marches pour acc\u00e9der \u00e0 la douche, ce qui parfois ne convient pas aux personnes \u00e2g\u00e9es ou \u00e0 faible mobilit\u00e9.<\/p>\n<p style=\"text-align: justify;\">Une chambre de 15 M2, tr\u00e8s lumineuse au premier \u00e9tage, meubl\u00e9e en teck et d\u00e9cor\u00e9e, faisant partie d\u2019une grande b\u00e2tisse r\u00e9nov\u00e9e. Le lit est de 140 x 190 avec matelas et literie neuve.\u00a0Quelle que soit la chambre ou l\u2019option choisie (Teck, Ikat ou bien les deux chambres) vous aurez toujours la salle du RDC le jardin et la salle de bain en usage exclusif et priv\u00e9.<\/p>\n<p style=\"text-align: justify;\">Salle de bain \/ WC\u00a0 et douche au rez de chauss\u00e9. Grande salle de jeux et de r\u00e9fection\u00a0 (de plain pied sur le jardin et terrasse priv\u00e9s de 30M2) avec livres, BD, jeux de cartes, jeux de soci\u00e9t\u00e9, jeux de carrom, WiFi\u00a0 (pour ordinateur portable ou smart phones).<\/p>\n<p style=\"text-align: justify;\">Vous pouvez b\u00e9n\u00e9ficier d&#8217;une remise sur le prix de l&#8217;autre chambre ( deux lits simples, r\u00e9f\u00e9rence &#8220;ikat&#8221;).<\/p>\n<p style=\"text-align: justify;\">Vous serez r\u00e9veill\u00e9s par le chant des oiseaux qui viennent faire leurs nids au printemps et le son de la cascade et du jet du <strong>bassin naturel<\/strong> de notre jardin. Votre partie de <strong>jardin <\/strong>30 M2, avec table en pierre, bancs et coussins. Cafeti\u00e8re, bouilloire \u00e9lectrique, toasteur, frigo et four micro-onde \u00e0 disposition.<\/p>\n<p style=\"text-align: justify;\">Le petit d\u00e9jeuner est compris mais vous devez le pr\u00e9parer vous m\u00eame. Vous avez tout le n\u00e9cessaire \u00e0 disposition pour vous le pr\u00e9parer (caf\u00e9, th\u00e9, musli, jus etc..) et la meilleure boulangerie d\u2019Uz\u00e8s est \u00e0 100 m<\/p>\n<p style=\"text-align: justify;\">Vous acc\u00e9derez \u00e0 votre chambre en traversant notre grand jardin zen balinais que vous pourrez contempler de la fen\u00eatre du premier \u00e9tage. Aucun bruit de circulation ou nuisances de la ville, malgr\u00e9 sa grande proximit\u00e9 ; la rue et le jardin sont parmi les plus tranquilles d\u2019Uz\u00e8s.<br \/>M\u00e9nage, draps et serviette de toilette sont compris.<br \/>Nous sommes l\u00e0, voisins, pour r\u00e9pondre \u00e0 tous vos besoins et vous fournir des informations sur les nombreuses activit\u00e9s et centre d\u2019int\u00e9r\u00eats touristiques de la r\u00e9gion. Pas d\u2019animaux de compagnie, le jardin est trop petit et la d\u00e9co trop fragile. Tout l&#8217;espace est non-fumeur, sauf le jardin.<br \/>Nous attachons une grande importance au respect de l\u2019atmosph\u00e8re de calme et remercions par avance nos locataires de faire de m\u00eame dans la mesure du possible.- \u00e0 150 m\u00e8tres de l\u2019office du tourisme<br \/>&#8211; Pont du Gard \u00e0 14 km<br \/>&#8211; Bambouseraie d\u2019Anduze \u00e0 46 km<br \/>&#8211; 24 km de N\u00eemes et 39 km d\u2019Avignon<br \/>&#8211; Mus\u00e9e Haribo du bonbon \u00e0 2 Kms<\/p>\n<p style=\"text-align: justify;\">\u2022 Nous constulter pour les tarffs haute et basse saison :<\/p>\n<p style=\"text-align: justify;\">Les visites de tierces personnes sont soumises \u00e0 notre accord. La r\u00e9servation sera confirm\u00e9e par le versement d&#8217;arrhes \u00e9quivalents \u00e0 30% du montant d\u00fb (s\u00e9jour + options si vous d\u00e9sirez inclure le parking priv\u00e9 dans la cour) au plus tard 7 jours apr\u00e8s votre demande (sinon la r\u00e9servation est consid\u00e9r\u00e9e comme nulle) et le retour des contrats de locations sign\u00e9s (que vous recevrez par mail d\u00e8s votre demande et que vous nous retournerez sign\u00e9s par le m\u00eame moyen). Nous vous renverrons par mail le contrat sign\u00e9 accompagn\u00e9 du re\u00e7u du payement des arrhes. Le solde devra \u00eatre vers\u00e9 au plus tard 30 jours avant le d\u00e9but du s\u00e9jour par virement sur notre compte bancaire.<\/p>\n<p style=\"text-align: justify;\">COMPRIS:<br \/>M\u00e9nage, draps et couette, serviettes toilette, chauffage extra si d\u00e9sir\u00e9. Un lit enfant parapluie peut \u00eatre ajout\u00e9 (sans frais) si besoin.<\/p>\n<p style=\"text-align: justify;\">Un lit enfant parapluie peut \u00eatre ajout\u00e9 (sans frais) si besoin. Possibilit\u00e9 (sous r\u00e9serve dispo.) <strong>parking ferm\u00e9<\/strong>\/s\u00e9curis\u00e9 pour v\u00e9hicule petit ou moyen dans la cour (10\u20ac\/ jour) avec acc\u00e8s 24\/24, inclus un bip pour portail t\u00e9l\u00e9command\u00e9.<\/p>\n<p style=\"text-align: justify;\">\n<p style=\"text-align: justify;\">\n<p style=\"text-align: justify;\">Places de stationnements gratuites dans les rues adjacentes<\/p>\n<p style=\"text-align: justify;\">Caution de 100 \u20ac pay\u00e9e en ch\u00e8que ou esp\u00e8ce \u00e0 l\u2019arriv\u00e9e, rendue au d\u00e9part si l\u2019\u00e9tat des lieux est conforme \u00e0 celui \u00e9tabli \u00e0 la remise des cl\u00e9s.<\/p>\n<p>[\/et_pb_text][et_pb_button button_url=&#8221;https:\/\/miomundo.fr\/wp-content\/uploads\/2025\/06\/contrat-type-chambres-teck.doc&#8221; button_text=&#8221;T\u00e9l\u00e9charger le contrat de location de la chambre Teck&#8221; button_alignment=&#8221;center&#8221; _builder_version=&#8221;4.27.4&#8243; _module_preset=&#8221;default&#8221; global_colors_info=&#8221;{}&#8221;][\/et_pb_button][et_pb_image src=&#8221;https:\/\/miomundo.fr\/wp-content\/uploads\/2025\/06\/ch2.jpeg&#8221; alt=&#8221;Chambre Teck&#8221; title_text=&#8221;ch2&#8243; align=&#8221;center&#8221; _builder_version=&#8221;4.27.4&#8243; _module_preset=&#8221;default&#8221; max_width=&#8221;66%&#8221; max_width_tablet=&#8221;100%&#8221; max_width_phone=&#8221;100%&#8221; max_width_last_edited=&#8221;on|desktop&#8221; global_colors_info=&#8221;{}&#8221;][\/et_pb_image][et_pb_image src=&#8221;https:\/\/miomundo.fr\/wp-content\/uploads\/2025\/06\/ch1jpeg.jpeg&#8221; alt=&#8221;Entr\u00e9e chambre Teck&#8221; title_text=&#8221;ch1jpeg&#8221; align=&#8221;center&#8221; _builder_version=&#8221;4.27.4&#8243; _module_preset=&#8221;default&#8221; max_width=&#8221;66%&#8221; max_width_tablet=&#8221;100%&#8221; max_width_phone=&#8221;100%&#8221; max_width_last_edited=&#8221;on|desktop&#8221; global_colors_info=&#8221;{}&#8221;][\/et_pb_image][et_pb_image src=&#8221;https:\/\/miomundo.fr\/wp-content\/uploads\/2025\/06\/DSCF2215-1-scaled.jpg&#8221; alt=&#8221;Entr\u00e9e chambre Teck&#8221; title_text=&#8221;DSCF2215&#8243; align=&#8221;center&#8221; _builder_version=&#8221;4.27.4&#8243; _module_preset=&#8221;default&#8221; max_width=&#8221;66%&#8221; max_width_tablet=&#8221;100%&#8221; max_width_phone=&#8221;100%&#8221; max_width_last_edited=&#8221;on|desktop&#8221; global_colors_info=&#8221;{}&#8221;][\/et_pb_image][et_pb_image src=&#8221;https:\/\/miomundo.fr\/wp-content\/uploads\/2025\/06\/loue-chambre-pas-cher-uzes.jpg&#8221; alt=&#8221;Lit et bureau&#8221; title_text=&#8221;loue-chambre-pas-cher-uzes&#8221; align=&#8221;center&#8221; _builder_version=&#8221;4.27.4&#8243; _module_preset=&#8221;default&#8221; max_width=&#8221;66%&#8221; max_width_tablet=&#8221;100%&#8221; max_width_phone=&#8221;100%&#8221; max_width_last_edited=&#8221;on|desktop&#8221; global_colors_info=&#8221;{}&#8221;][\/et_pb_image][et_pb_image src=&#8221;https:\/\/miomundo.fr\/wp-content\/uploads\/2025\/06\/room-garden-view-uzes.jpg&#8221; alt=&#8221;Fen\u00eatre Teck&#8221; title_text=&#8221;room-garden-view-uzes&#8221; align=&#8221;center&#8221; _builder_version=&#8221;4.27.4&#8243; _module_preset=&#8221;default&#8221; max_width=&#8221;66%&#8221; max_width_tablet=&#8221;100%&#8221; max_width_phone=&#8221;100%&#8221; max_width_last_edited=&#8221;on|desktop&#8221; global_colors_info=&#8221;{}&#8221;][\/et_pb_image][et_pb_image src=&#8221;https:\/\/miomundo.fr\/wp-content\/uploads\/2025\/06\/1-jrd3.jpeg&#8221; alt=&#8221;Jardin chambre Teck&#8221; title_text=&#8221;1-jrd3&#8243; align=&#8221;center&#8221; _builder_version=&#8221;4.27.4&#8243; _module_preset=&#8221;default&#8221; max_width=&#8221;66%&#8221; max_width_tablet=&#8221;100%&#8221; max_width_phone=&#8221;100%&#8221; max_width_last_edited=&#8221;on|desktop&#8221; global_colors_info=&#8221;{}&#8221;][\/et_pb_image][et_pb_image src=&#8221;https:\/\/miomundo.fr\/wp-content\/uploads\/2025\/06\/1-jrd2.jpeg&#8221; alt=&#8221;Table ext\u00e9rieur Teck&#8221; title_text=&#8221;1-jrd2&#8243; align=&#8221;center&#8221; _builder_version=&#8221;4.27.4&#8243; _module_preset=&#8221;default&#8221; max_width=&#8221;66%&#8221; max_width_tablet=&#8221;100%&#8221; max_width_phone=&#8221;100%&#8221; max_width_last_edited=&#8221;on|desktop&#8221; global_colors_info=&#8221;{}&#8221;][\/et_pb_image][\/et_pb_column][\/et_pb_row][et_pb_row _builder_version=&#8221;4.27.4&#8243; _module_preset=&#8221;default&#8221; locked=&#8221;off&#8221; global_colors_info=&#8221;{}&#8221;][et_pb_column type=&#8221;4_4&#8243; _builder_version=&#8221;4.27.4&#8243; _module_preset=&#8221;default&#8221; global_colors_info=&#8221;{}&#8221;][et_pb_image src=&#8221;https:\/\/miomundo.fr\/wp-content\/uploads\/2025\/06\/bas4.jpeg&#8221; alt=&#8221;Salle Commune Teck Ikat&#8221; title_text=&#8221;bas4&#8243; align=&#8221;center&#8221; admin_label=&#8221;Image&#8221; _builder_version=&#8221;4.27.4&#8243; _module_preset=&#8221;default&#8221; max_width=&#8221;66%&#8221; max_width_tablet=&#8221;100%&#8221; max_width_phone=&#8221;100%&#8221; max_width_last_edited=&#8221;on|desktop&#8221; locked=&#8221;off&#8221; global_colors_info=&#8221;{}&#8221;][\/et_pb_image][et_pb_image src=&#8221;https:\/\/miomundo.fr\/wp-content\/uploads\/2025\/06\/bas3.jpeg&#8221; alt=&#8221;Canap\u00e9 salle commune&#8221; title_text=&#8221;bas3&#8243; align=&#8221;center&#8221; _builder_version=&#8221;4.27.4&#8243; _module_preset=&#8221;default&#8221; max_width=&#8221;66%&#8221; max_width_tablet=&#8221;100%&#8221; max_width_phone=&#8221;100%&#8221; max_width_last_edited=&#8221;on|desktop&#8221; locked=&#8221;off&#8221; global_colors_info=&#8221;{}&#8221;][\/et_pb_image][et_pb_image src=&#8221;https:\/\/miomundo.fr\/wp-content\/uploads\/2025\/06\/bas2.jpeg&#8221; alt=&#8221;Entr\u00e9e chambre Teck&#8221; title_text=&#8221;bas2&#8243; align=&#8221;center&#8221; _builder_version=&#8221;4.27.4&#8243; _module_preset=&#8221;default&#8221; max_width=&#8221;66%&#8221; max_width_tablet=&#8221;100%&#8221; max_width_phone=&#8221;100%&#8221; max_width_last_edited=&#8221;on|desktop&#8221; locked=&#8221;off&#8221; global_colors_info=&#8221;{}&#8221;][\/et_pb_image][et_pb_image src=&#8221;https:\/\/miomundo.fr\/wp-content\/uploads\/2025\/06\/esc1.jpg&#8221; alt=&#8221;Escalier vers les chambres&#8221; title_text=&#8221;esc1&#8243; align=&#8221;center&#8221; _builder_version=&#8221;4.27.4&#8243; _module_preset=&#8221;default&#8221; max_width=&#8221;66%&#8221; max_width_tablet=&#8221;100%&#8221; max_width_phone=&#8221;100%&#8221; max_width_last_edited=&#8221;on|desktop&#8221; locked=&#8221;off&#8221; global_colors_info=&#8221;{}&#8221;][\/et_pb_image][et_pb_image src=&#8221;https:\/\/miomundo.fr\/wp-content\/uploads\/2025\/06\/ESC2.jpg&#8221; alt=&#8221;Escalier vers les chambres&#8221; title_text=&#8221;ESC2&#8243; align=&#8221;center&#8221; _builder_version=&#8221;4.27.4&#8243; _module_preset=&#8221;default&#8221; max_width=&#8221;66%&#8221; max_width_tablet=&#8221;100%&#8221; max_width_phone=&#8221;100%&#8221; max_width_last_edited=&#8221;on|desktop&#8221; locked=&#8221;off&#8221; global_colors_info=&#8221;{}&#8221;][\/et_pb_image][et_pb_image src=&#8221;https:\/\/miomundo.fr\/wp-content\/uploads\/2025\/06\/SDB1.jpg&#8221; alt=&#8221;Salle de bain &#8221; title_text=&#8221;SDB1&#8243; align=&#8221;center&#8221; _builder_version=&#8221;4.27.4&#8243; _module_preset=&#8221;default&#8221; max_width=&#8221;66%&#8221; max_width_tablet=&#8221;100%&#8221; max_width_phone=&#8221;100%&#8221; max_width_last_edited=&#8221;on|desktop&#8221; locked=&#8221;off&#8221; global_colors_info=&#8221;{}&#8221;][\/et_pb_image][et_pb_image src=&#8221;https:\/\/miomundo.fr\/wp-content\/uploads\/2025\/06\/SDB2.jpg&#8221; alt=&#8221;Salle de bain &#8221; title_text=&#8221;SDB2&#8243; align=&#8221;center&#8221; _builder_version=&#8221;4.27.4&#8243; _module_preset=&#8221;default&#8221; max_width=&#8221;66%&#8221; max_width_tablet=&#8221;100%&#8221; max_width_phone=&#8221;100%&#8221; max_width_last_edited=&#8221;on|desktop&#8221; locked=&#8221;off&#8221; global_colors_info=&#8221;{}&#8221;][\/et_pb_image][et_pb_image src=&#8221;https:\/\/miomundo.fr\/wp-content\/uploads\/2025\/06\/loue-saisonnier-uzes-jardiin.jpg&#8221; alt=&#8221;Douche&#8221; title_text=&#8221;loue-saisonnier-uzes-jardiin&#8221; align=&#8221;center&#8221; _builder_version=&#8221;4.27.4&#8243; _module_preset=&#8221;default&#8221; max_width=&#8221;66%&#8221; max_width_tablet=&#8221;100%&#8221; max_width_phone=&#8221;100%&#8221; max_width_last_edited=&#8221;on|desktop&#8221; locked=&#8221;off&#8221; global_colors_info=&#8221;{}&#8221;][\/et_pb_image][et_pb_image src=&#8221;https:\/\/miomundo.fr\/wp-content\/uploads\/2025\/06\/REPAS1.jpg&#8221; alt=&#8221;Douche&#8221; title_text=&#8221;REPAS1&#8243; align=&#8221;center&#8221; _builder_version=&#8221;4.27.4&#8243; _module_preset=&#8221;default&#8221; max_width=&#8221;66%&#8221; max_width_tablet=&#8221;100%&#8221; max_width_phone=&#8221;100%&#8221; max_width_last_edited=&#8221;on|desktop&#8221; locked=&#8221;off&#8221; global_colors_info=&#8221;{}&#8221;][\/et_pb_image][et_pb_image src=&#8221;https:\/\/miomundo.fr\/wp-content\/uploads\/2025\/06\/REPAS2-1.jpg&#8221; alt=&#8221;Douche&#8221; title_text=&#8221;REPAS2&#8243; align=&#8221;center&#8221; _builder_version=&#8221;4.27.4&#8243; _module_preset=&#8221;default&#8221; max_width=&#8221;66%&#8221; max_width_tablet=&#8221;100%&#8221; max_width_phone=&#8221;100%&#8221; max_width_last_edited=&#8221;on|desktop&#8221; locked=&#8221;off&#8221; global_colors_info=&#8221;{}&#8221;][\/et_pb_image][\/et_pb_column][\/et_pb_row][\/et_pb_section]<\/p>\n","protected":false},"excerpt":{"rendered":"<p>Chambre d&#8217;H\u00f4tes Teck dans un jardin au centre d&#8217;Uz\u00e8sChambre 1 lit double de 140 X 190 cm La chambre est situ\u00e9e dans un jardin arbor\u00e9 sans aucun bruit de la ville, \u00e0 120 m du march\u00e9 proven\u00e7al (les mercredis et samedis), au coeur d&#8217;Uz\u00e8s. Face au levant, avec vue sur des jardins et \u00e0 l&#8217;ombre [&hellip;]<\/p>\n","protected":false},"author":1,"featured_media":0,"parent":0,"menu_order":0,"comment_status":"closed","ping_status":"closed","template":"","meta":{"_et_pb_use_builder":"on","_et_pb_old_content":"","_et_gb_content_width":"","footnotes":""},"class_list":["post-35","page","type-page","status-publish","hentry"],"_links":{"self":[{"href":"https:\/\/miomundo.fr\/index.php\/wp-json\/wp\/v2\/pages\/35","targetHints":{"allow":["GET"]}}],"collection":[{"href":"https:\/\/miomundo.fr\/index.php\/wp-json\/wp\/v2\/pages"}],"about":[{"href":"https:\/\/miomundo.fr\/index.php\/wp-json\/wp\/v2\/types\/page"}],"author":[{"embeddable":true,"href":"https:\/\/miomundo.fr\/index.php\/wp-json\/wp\/v2\/users\/1"}],"replies":[{"embeddable":true,"href":"https:\/\/miomundo.fr\/index.php\/wp-json\/wp\/v2\/comments?post=35"}],"version-history":[{"count":20,"href":"https:\/\/miomundo.fr\/index.php\/wp-json\/wp\/v2\/pages\/35\/revisions"}],"predecessor-version":[{"id":3028,"href":"https:\/\/miomundo.fr\/index.php\/wp-json\/wp\/v2\/pages\/35\/revisions\/3028"}],"wp:attachment":[{"href":"https:\/\/miomundo.fr\/index.php\/wp-json\/wp\/v2\/media?parent=35"}],"curies":[{"name":"wp","href":"https:\/\/api.w.org\/{rel}","templated":true}]}}