{"id":47,"date":"2025-06-23T11:09:50","date_gmt":"2025-06-23T09:09:50","guid":{"rendered":"https:\/\/miomundo.fr\/?page_id=47"},"modified":"2025-06-24T14:47:20","modified_gmt":"2025-06-24T12:47:20","slug":"photos","status":"publish","type":"page","link":"https:\/\/miomundo.fr\/index.php\/photos\/","title":{"rendered":"Photos"},"content":{"rendered":"<p>[et_pb_section fb_built=&#8221;1&#8243; _builder_version=&#8221;4.27.4&#8243; _module_preset=&#8221;default&#8221; global_colors_info=&#8221;{}&#8221;][et_pb_row _builder_version=&#8221;4.27.4&#8243; _module_preset=&#8221;default&#8221; global_colors_info=&#8221;{}&#8221;][et_pb_column type=&#8221;4_4&#8243; _builder_version=&#8221;4.27.4&#8243; _module_preset=&#8221;default&#8221; global_colors_info=&#8221;{}&#8221;][et_pb_text _builder_version=&#8221;4.27.4&#8243; _module_preset=&#8221;default&#8221; global_colors_info=&#8221;{}&#8221;]<\/p>\n<h1 style=\"text-align: center;\">Photos<\/h1>\n<p><strong><\/strong><\/p>\n<p style=\"text-align: center;\"><strong>ATTENTION:<\/strong> la partie du jardin avec le <strong>bassin naturel<\/strong> et la maison balinaise n&#8217;est pas incluse dans les diff\u00e9rentes locations saisonni\u00e8res. Le studio poss\u00e8de son <strong>jardin privatif de 30 M2<\/strong> environ et les chambres ont \u00e9galement une autre partie de jardin priv\u00e9 de la m\u00eame surface.<\/p>\n<p>[\/et_pb_text][\/et_pb_column][\/et_pb_row][et_pb_row _builder_version=&#8221;4.27.4&#8243; _module_preset=&#8221;default&#8221; locked=&#8221;off&#8221; global_colors_info=&#8221;{}&#8221;][et_pb_column type=&#8221;4_4&#8243; _builder_version=&#8221;4.27.4&#8243; _module_preset=&#8221;default&#8221; global_colors_info=&#8221;{}&#8221;][et_pb_image src=&#8221;https:\/\/miomundo.fr\/wp-content\/uploads\/2025\/06\/location-calme-jardin-uzes.jpg&#8221; alt=&#8221;Entr\u00e9e location&#8221; title_text=&#8221;location-calme-jardin-uzes&#8221; align=&#8221;center&#8221; _builder_version=&#8221;4.27.4&#8243; _module_preset=&#8221;default&#8221; max_width=&#8221;66%&#8221; max_width_tablet=&#8221;100%&#8221; max_width_phone=&#8221;100%&#8221; max_width_last_edited=&#8221;on|desktop&#8221; locked=&#8221;off&#8221; global_colors_info=&#8221;{}&#8221;][\/et_pb_image][et_pb_image src=&#8221;https:\/\/miomundo.fr\/wp-content\/uploads\/2025\/06\/car.parking.center.uzes_.guest_.house_.garden.jpg&#8221; alt=&#8221;Parking pour votre s\u00e9jour&#8221; title_text=&#8221;car.parking.center.uzes.guest.house.garden.&#8221; align=&#8221;center&#8221; _builder_version=&#8221;4.27.4&#8243; _module_preset=&#8221;default&#8221; max_width=&#8221;66%&#8221; max_width_tablet=&#8221;100%&#8221; max_width_phone=&#8221;100%&#8221; max_width_last_edited=&#8221;on|desktop&#8221; locked=&#8221;off&#8221; global_colors_info=&#8221;{}&#8221;][\/et_pb_image][et_pb_image src=&#8221;https:\/\/miomundo.fr\/wp-content\/uploads\/2025\/06\/bassin-naturel-miomundo-uzes.jpg&#8221; alt=&#8221;Bassin naturel au calme&#8221; title_text=&#8221;bassin-naturel-miomundo-uzes&#8221; align=&#8221;center&#8221; _builder_version=&#8221;4.27.4&#8243; _module_preset=&#8221;default&#8221; max_width=&#8221;66%&#8221; max_width_tablet=&#8221;100%&#8221; max_width_phone=&#8221;100%&#8221; max_width_last_edited=&#8221;on|desktop&#8221; locked=&#8221;off&#8221; global_colors_info=&#8221;{}&#8221;][\/et_pb_image][et_pb_image src=&#8221;https:\/\/miomundo.fr\/wp-content\/uploads\/2025\/06\/maison-jardin-gite-uzes.jpg&#8221; alt=&#8221;Cabane balinaise de nuit&#8221; title_text=&#8221;maison-jardin-gite-uzes&#8221; align=&#8221;center&#8221; _builder_version=&#8221;4.27.4&#8243; _module_preset=&#8221;default&#8221; max_width=&#8221;66%&#8221; max_width_tablet=&#8221;100%&#8221; max_width_phone=&#8221;100%&#8221; max_width_last_edited=&#8221;on|desktop&#8221; hover_enabled=&#8221;0&#8243; locked=&#8221;off&#8221; global_colors_info=&#8221;{}&#8221; sticky_enabled=&#8221;0&#8243;][\/et_pb_image][et_pb_image src=&#8221;https:\/\/miomundo.fr\/wp-content\/uploads\/2025\/06\/gite-miomundo-uzes-gard.jpg&#8221; alt=&#8221;D\u00e9cors de Bali&#8221; title_text=&#8221;gite-miomundo-uzes-gard&#8221; align=&#8221;center&#8221; _builder_version=&#8221;4.27.4&#8243; _module_preset=&#8221;default&#8221; max_width=&#8221;66%&#8221; max_width_tablet=&#8221;100%&#8221; max_width_phone=&#8221;100%&#8221; max_width_last_edited=&#8221;on|desktop&#8221; locked=&#8221;off&#8221; global_colors_info=&#8221;{}&#8221;][\/et_pb_image][et_pb_image src=&#8221;https:\/\/miomundo.fr\/wp-content\/uploads\/2025\/06\/gite-jardin-calme-centre-uzes.jpg&#8221; alt=&#8221;Jardin au calme&#8221; title_text=&#8221;gite-jardin-calme-centre-uzes&#8221; align=&#8221;center&#8221; _builder_version=&#8221;4.27.4&#8243; _module_preset=&#8221;default&#8221; max_width=&#8221;66%&#8221; max_width_tablet=&#8221;100%&#8221; max_width_phone=&#8221;100%&#8221; max_width_last_edited=&#8221;on|desktop&#8221; locked=&#8221;off&#8221; global_colors_info=&#8221;{}&#8221;][\/et_pb_image][et_pb_image src=&#8221;https:\/\/miomundo.fr\/wp-content\/uploads\/2025\/06\/bb-uzes-quite-garden-cheap.jpg&#8221; alt=&#8221;Jardin commun&#8221; title_text=&#8221;bb-uzes-quite-garden-cheap&#8221; align=&#8221;center&#8221; _builder_version=&#8221;4.27.4&#8243; _module_preset=&#8221;default&#8221; max_width=&#8221;66%&#8221; max_width_tablet=&#8221;100%&#8221; max_width_phone=&#8221;100%&#8221; max_width_last_edited=&#8221;on|desktop&#8221; locked=&#8221;off&#8221; global_colors_info=&#8221;{}&#8221;][\/et_pb_image][et_pb_image src=&#8221;https:\/\/miomundo.fr\/wp-content\/uploads\/2025\/06\/quite-garden-bb-uzes.jpg&#8221; alt=&#8221;Jardin au centre d&#8217;Uz\u00e8s&#8221; title_text=&#8221;quite-garden-bb-uzes&#8221; align=&#8221;center&#8221; _builder_version=&#8221;4.27.4&#8243; _module_preset=&#8221;default&#8221; max_width=&#8221;66%&#8221; max_width_tablet=&#8221;100%&#8221; max_width_phone=&#8221;100%&#8221; max_width_last_edited=&#8221;on|desktop&#8221; locked=&#8221;off&#8221; global_colors_info=&#8221;{}&#8221;][\/et_pb_image][et_pb_image src=&#8221;https:\/\/miomundo.fr\/wp-content\/uploads\/2025\/06\/CIMG8424.jpg&#8221; alt=&#8221;Jardin au centre d&#8217;Uz\u00e8s&#8221; title_text=&#8221;CIMG8424&#8243; align=&#8221;center&#8221; _builder_version=&#8221;4.27.4&#8243; _module_preset=&#8221;default&#8221; max_width=&#8221;66%&#8221; max_width_tablet=&#8221;100%&#8221; max_width_phone=&#8221;100%&#8221; max_width_last_edited=&#8221;on|desktop&#8221; hover_enabled=&#8221;0&#8243; locked=&#8221;off&#8221; global_colors_info=&#8221;{}&#8221; sticky_enabled=&#8221;0&#8243;][\/et_pb_image][et_pb_image src=&#8221;https:\/\/miomundo.fr\/wp-content\/uploads\/2025\/06\/CIMG8420.jpg&#8221; alt=&#8221;Jardin au centre d&#8217;Uz\u00e8s&#8221; title_text=&#8221;CIMG8420&#8243; align=&#8221;center&#8221; _builder_version=&#8221;4.27.4&#8243; _module_preset=&#8221;default&#8221; max_width=&#8221;66%&#8221; max_width_tablet=&#8221;100%&#8221; max_width_phone=&#8221;100%&#8221; max_width_last_edited=&#8221;on|desktop&#8221; hover_enabled=&#8221;0&#8243; locked=&#8221;off&#8221; global_colors_info=&#8221;{}&#8221; sticky_enabled=&#8221;0&#8243;][\/et_pb_image][\/et_pb_column][\/et_pb_row][\/et_pb_section]<\/p>\n","protected":false},"excerpt":{"rendered":"<p>Photos ATTENTION: la partie du jardin avec le bassin naturel et la maison balinaise n&#8217;est pas incluse dans les diff\u00e9rentes locations saisonni\u00e8res. Le studio poss\u00e8de son jardin privatif de 30 M2 environ et les chambres ont \u00e9galement une autre partie de jardin priv\u00e9 de la m\u00eame surface.<\/p>\n","protected":false},"author":1,"featured_media":0,"parent":0,"menu_order":0,"comment_status":"closed","ping_status":"closed","template":"","meta":{"_et_pb_use_builder":"on","_et_pb_old_content":"","_et_gb_content_width":"","footnotes":""},"class_list":["post-47","page","type-page","status-publish","hentry"],"_links":{"self":[{"href":"https:\/\/miomundo.fr\/index.php\/wp-json\/wp\/v2\/pages\/47","targetHints":{"allow":["GET"]}}],"collection":[{"href":"https:\/\/miomundo.fr\/index.php\/wp-json\/wp\/v2\/pages"}],"about":[{"href":"https:\/\/miomundo.fr\/index.php\/wp-json\/wp\/v2\/types\/page"}],"author":[{"embeddable":true,"href":"https:\/\/miomundo.fr\/index.php\/wp-json\/wp\/v2\/users\/1"}],"replies":[{"embeddable":true,"href":"https:\/\/miomundo.fr\/index.php\/wp-json\/wp\/v2\/comments?post=47"}],"version-history":[{"count":9,"href":"https:\/\/miomundo.fr\/index.php\/wp-json\/wp\/v2\/pages\/47\/revisions"}],"predecessor-version":[{"id":832,"href":"https:\/\/miomundo.fr\/index.php\/wp-json\/wp\/v2\/pages\/47\/revisions\/832"}],"wp:attachment":[{"href":"https:\/\/miomundo.fr\/index.php\/wp-json\/wp\/v2\/media?parent=47"}],"curies":[{"name":"wp","href":"https:\/\/api.w.org\/{rel}","templated":true}]}}